{"id":604,"date":"2023-08-16T16:09:27","date_gmt":"2023-08-16T14:09:27","guid":{"rendered":"https:\/\/www.feine-adressen.online\/rtz\/?page_id=604"},"modified":"2024-05-14T13:33:48","modified_gmt":"2024-05-14T11:33:48","slug":"impressum","status":"publish","type":"page","link":"https:\/\/www.feine-adressen.online\/rtz\/impressum\/","title":{"rendered":"Impressum"},"content":{"rendered":"\t\t<div data-elementor-type=\"wp-page\" data-elementor-id=\"604\" class=\"elementor elementor-604\" data-elementor-post-type=\"page\">\n\t\t\t\t\t\t<section class=\"elementor-section elementor-top-section elementor-element elementor-element-8168110 elementor-section-boxed elementor-section-height-default elementor-section-height-default\" data-id=\"8168110\" data-element_type=\"section\" data-e-type=\"section\">\n\t\t\t\t\t\t<div class=\"elementor-container elementor-column-gap-default\">\n\t\t\t\t\t<div class=\"elementor-column elementor-col-100 elementor-top-column elementor-element elementor-element-b4c34de\" data-id=\"b4c34de\" data-element_type=\"column\" data-e-type=\"column\">\n\t\t\t<div class=\"elementor-widget-wrap elementor-element-populated\">\n\t\t\t\t\t\t<div class=\"elementor-element elementor-element-e530fe0 elementor-widget elementor-widget-heading\" data-id=\"e530fe0\" data-element_type=\"widget\" data-e-type=\"widget\" data-widget_type=\"heading.default\">\n\t\t\t\t<div class=\"elementor-widget-container\">\n\t\t\t\t\t<h2 class=\"elementor-heading-title elementor-size-default\">Impressum<\/h2>\t\t\t\t<\/div>\n\t\t\t\t<\/div>\n\t\t\t\t\t<\/div>\n\t\t<\/div>\n\t\t\t\t\t<\/div>\n\t\t<\/section>\n\t\t\t\t<section class=\"elementor-section elementor-top-section elementor-element elementor-element-1989e93 elementor-section-boxed elementor-section-height-default elementor-section-height-default\" data-id=\"1989e93\" data-element_type=\"section\" data-e-type=\"section\">\n\t\t\t\t\t\t<div class=\"elementor-container elementor-column-gap-default\">\n\t\t\t\t\t<div class=\"elementor-column elementor-col-50 elementor-top-column elementor-element elementor-element-b4685d4\" data-id=\"b4685d4\" data-element_type=\"column\" data-e-type=\"column\">\n\t\t\t<div class=\"elementor-widget-wrap elementor-element-populated\">\n\t\t\t\t\t\t<div class=\"elementor-element elementor-element-c3ee7e9 elementor-widget elementor-widget-text-editor\" data-id=\"c3ee7e9\" data-element_type=\"widget\" data-e-type=\"widget\" data-widget_type=\"text-editor.default\">\n\t\t\t\t<div class=\"elementor-widget-container\">\n\t\t\t\t\t\t\t\t\t<p>Angaben gem. \u00a75TMG<\/p><p><strong>premiummedia Publishing GmbH<\/strong><br \/>Dornhaldenstra\u00dfe 6<br \/>70199 Stuttgart<br \/>Fon: +49 (0) 711 380303-0<br \/><a href=\"https:\/\/www.premiummedia.net\" target=\"_blank\" rel=\"noopener\">www.premiummedia.net<\/a><br \/><a href=\"mailto:info@premiummedia.net\">info@premiummedia.net<\/a><\/p><p>Amtsgericht Stuttgart HRB 767618<br \/>USt-IdNr.: DE323009998<\/p><p>\u00a0<\/p><p><b>Gesch\u00e4ftsf\u00fchrer:\u00a0<br \/><\/b>Berthold D\u00f6rrich, Martin Rebstock<\/p><p>\u00a0<\/p><p><b>Urheberrecht:<br \/><\/b>Die erstellten Inhalte und Werke auf dieser Website sind durch das deutsche Urheberrecht gesch\u00fctzt. Jegliche Vervielf\u00e4ltigung, Bearbeitung, Verbreitung und jede andere Form der Verwertung au\u00dferhalb der gesetzlichen Grenzen des Urheberrechts bedarf der vorherigen schriftlichen Zustimmung des jeweiligen Autors oder Erstellers. Downloads und Kopien dieser Seite sind ausschlie\u00dflich f\u00fcr den privaten, nicht kommerziellen Gebrauch gestattet. Falls die Inhalte auf dieser Seite nicht vom Seitenbetreiber erstellt wurden, werden die Urheberrechte Dritter beachtet. Insbesondere werden Inhalte Dritter als solche gekennzeichnet. Sollten Sie dennoch auf eine Urheberrechtsverletzung aufmerksam werden, bitten wir um entsprechenden Hinweis. Bei Bekanntwerden von Rechtsverletzungen werden wir die betreffenden Inhalte umgehend entfernen.<\/p>\t\t\t\t\t\t\t\t<\/div>\n\t\t\t\t<\/div>\n\t\t\t\t<div class=\"elementor-element elementor-element-b9d31bf elementor-widget elementor-widget-spacer\" data-id=\"b9d31bf\" data-element_type=\"widget\" data-e-type=\"widget\" data-widget_type=\"spacer.default\">\n\t\t\t\t<div class=\"elementor-widget-container\">\n\t\t\t\t\t\t\t<div class=\"elementor-spacer\">\n\t\t\t<div class=\"elementor-spacer-inner\"><\/div>\n\t\t<\/div>\n\t\t\t\t\t\t<\/div>\n\t\t\t\t<\/div>\n\t\t\t\t\t<\/div>\n\t\t<\/div>\n\t\t\t\t<div class=\"elementor-column elementor-col-50 elementor-top-column elementor-element elementor-element-38a76bb\" data-id=\"38a76bb\" data-element_type=\"column\" data-e-type=\"column\">\n\t\t\t<div class=\"elementor-widget-wrap\">\n\t\t\t\t\t\t\t<\/div>\n\t\t<\/div>\n\t\t\t\t\t<\/div>\n\t\t<\/section>\n\t\t\t\t<\/div>\n\t\t","protected":false},"excerpt":{"rendered":"<p>Impressum Angaben gem. \u00a75TMG premiummedia Publishing GmbHDornhaldenstra\u00dfe 670199 StuttgartFon: +49 (0) 711 380303-0www.premiummedia.netinfo@premiummedia.net Amtsgericht Stuttgart HRB 767618USt-IdNr.: DE323009998 \u00a0 Gesch\u00e4ftsf\u00fchrer:\u00a0Berthold D\u00f6rrich, Martin Rebstock \u00a0 Urheberrecht:Die erstellten Inhalte und Werke auf dieser Website sind durch das deutsche Urheberrecht gesch\u00fctzt. Jegliche Vervielf\u00e4ltigung, Bearbeitung, Verbreitung und jede andere Form der Verwertung au\u00dferhalb der gesetzlichen Grenzen des Urheberrechts bedarf [&hellip;]<\/p>\n","protected":false},"author":2,"featured_media":0,"parent":0,"menu_order":0,"comment_status":"closed","ping_status":"closed","template":"elementor_header_footer","meta":{"iawp_total_views":133,"footnotes":""},"class_list":["post-604","page","type-page","status-publish","hentry"],"yoast_head":"<!-- This site is optimized with the Yoast SEO plugin v26.9 - https:\/\/yoast.com\/product\/yoast-seo-wordpress\/ -->\n<title>feine adressen - Impressum<\/title>\n<meta name=\"description\" content=\"premiummedia Publishing GmbH, Dornhaldenstra\u00dfe 6, 70199 Stuttgart, Fon: +49 (0) 711 380303-0, www.premiummedia.net, info@premiummedia.net\" \/>\n<meta name=\"robots\" content=\"index, follow, max-snippet:-1, max-image-preview:large, max-video-preview:-1\" \/>\n<link rel=\"canonical\" href=\"https:\/\/www.feine-adressen.online\/rtz\/impressum\/\" \/>\n<meta property=\"og:locale\" content=\"de_DE\" \/>\n<meta property=\"og:type\" content=\"article\" \/>\n<meta property=\"og:title\" content=\"feine adressen - Impressum\" \/>\n<meta property=\"og:description\" content=\"premiummedia Publishing GmbH, Dornhaldenstra\u00dfe 6, 70199 Stuttgart, Fon: +49 (0) 711 380303-0, www.premiummedia.net, info@premiummedia.net\" \/>\n<meta property=\"og:url\" content=\"https:\/\/www.feine-adressen.online\/rtz\/impressum\/\" \/>\n<meta property=\"og:site_name\" content=\"feine adressen\" \/>\n<meta property=\"article:modified_time\" content=\"2024-05-14T11:33:48+00:00\" \/>\n<meta name=\"twitter:card\" content=\"summary_large_image\" \/>\n<meta name=\"twitter:label1\" content=\"Gesch\u00e4tzte Lesezeit\" \/>\n\t<meta name=\"twitter:data1\" content=\"1\u00a0Minute\" \/>\n<script type=\"application\/ld+json\" class=\"yoast-schema-graph\">{\"@context\":\"https:\/\/schema.org\",\"@graph\":[{\"@type\":\"WebPage\",\"@id\":\"https:\/\/www.feine-adressen.online\/rtz\/impressum\/\",\"url\":\"https:\/\/www.feine-adressen.online\/rtz\/impressum\/\",\"name\":\"feine adressen - Impressum\",\"isPartOf\":{\"@id\":\"https:\/\/www.feine-adressen.online\/rtz\/#website\"},\"datePublished\":\"2023-08-16T14:09:27+00:00\",\"dateModified\":\"2024-05-14T11:33:48+00:00\",\"description\":\"premiummedia Publishing GmbH, Dornhaldenstra\u00dfe 6, 70199 Stuttgart, Fon: +49 (0) 711 380303-0, www.premiummedia.net, info@premiummedia.net\",\"breadcrumb\":{\"@id\":\"https:\/\/www.feine-adressen.online\/rtz\/impressum\/#breadcrumb\"},\"inLanguage\":\"de\",\"potentialAction\":[{\"@type\":\"ReadAction\",\"target\":[\"https:\/\/www.feine-adressen.online\/rtz\/impressum\/\"]}]},{\"@type\":\"BreadcrumbList\",\"@id\":\"https:\/\/www.feine-adressen.online\/rtz\/impressum\/#breadcrumb\",\"itemListElement\":[{\"@type\":\"ListItem\",\"position\":1,\"name\":\"Startseite\",\"item\":\"https:\/\/www.feine-adressen.online\/rtz\/\"},{\"@type\":\"ListItem\",\"position\":2,\"name\":\"Impressum\"}]},{\"@type\":\"WebSite\",\"@id\":\"https:\/\/www.feine-adressen.online\/rtz\/#website\",\"url\":\"https:\/\/www.feine-adressen.online\/rtz\/\",\"name\":\"feine adressen\",\"description\":\"Reutlingen \/ T\u00fcbingen \/ Zollernalb\",\"publisher\":{\"@id\":\"https:\/\/www.feine-adressen.online\/rtz\/#organization\"},\"potentialAction\":[{\"@type\":\"SearchAction\",\"target\":{\"@type\":\"EntryPoint\",\"urlTemplate\":\"https:\/\/www.feine-adressen.online\/rtz\/?s={search_term_string}\"},\"query-input\":{\"@type\":\"PropertyValueSpecification\",\"valueRequired\":true,\"valueName\":\"search_term_string\"}}],\"inLanguage\":\"de\"},{\"@type\":\"Organization\",\"@id\":\"https:\/\/www.feine-adressen.online\/rtz\/#organization\",\"name\":\"feine adressen\",\"url\":\"https:\/\/www.feine-adressen.online\/rtz\/\",\"logo\":{\"@type\":\"ImageObject\",\"inLanguage\":\"de\",\"@id\":\"https:\/\/www.feine-adressen.online\/rtz\/#\/schema\/logo\/image\/\",\"url\":\"https:\/\/www.feine-adressen.online\/rtz\/wp-content\/uploads\/2023\/08\/kopf_2000.png\",\"contentUrl\":\"https:\/\/www.feine-adressen.online\/rtz\/wp-content\/uploads\/2023\/08\/kopf_2000.png\",\"width\":2000,\"height\":800,\"caption\":\"feine adressen\"},\"image\":{\"@id\":\"https:\/\/www.feine-adressen.online\/rtz\/#\/schema\/logo\/image\/\"}}]}<\/script>\n<!-- \/ Yoast SEO plugin. -->","yoast_head_json":{"title":"feine adressen - Impressum","description":"premiummedia Publishing GmbH, Dornhaldenstra\u00dfe 6, 70199 Stuttgart, Fon: +49 (0) 711 380303-0, www.premiummedia.net, info@premiummedia.net","robots":{"index":"index","follow":"follow","max-snippet":"max-snippet:-1","max-image-preview":"max-image-preview:large","max-video-preview":"max-video-preview:-1"},"canonical":"https:\/\/www.feine-adressen.online\/rtz\/impressum\/","og_locale":"de_DE","og_type":"article","og_title":"feine adressen - Impressum","og_description":"premiummedia Publishing GmbH, Dornhaldenstra\u00dfe 6, 70199 Stuttgart, Fon: +49 (0) 711 380303-0, www.premiummedia.net, info@premiummedia.net","og_url":"https:\/\/www.feine-adressen.online\/rtz\/impressum\/","og_site_name":"feine adressen","article_modified_time":"2024-05-14T11:33:48+00:00","twitter_card":"summary_large_image","twitter_misc":{"Gesch\u00e4tzte Lesezeit":"1\u00a0Minute"},"schema":{"@context":"https:\/\/schema.org","@graph":[{"@type":"WebPage","@id":"https:\/\/www.feine-adressen.online\/rtz\/impressum\/","url":"https:\/\/www.feine-adressen.online\/rtz\/impressum\/","name":"feine adressen - Impressum","isPartOf":{"@id":"https:\/\/www.feine-adressen.online\/rtz\/#website"},"datePublished":"2023-08-16T14:09:27+00:00","dateModified":"2024-05-14T11:33:48+00:00","description":"premiummedia Publishing GmbH, Dornhaldenstra\u00dfe 6, 70199 Stuttgart, Fon: +49 (0) 711 380303-0, www.premiummedia.net, info@premiummedia.net","breadcrumb":{"@id":"https:\/\/www.feine-adressen.online\/rtz\/impressum\/#breadcrumb"},"inLanguage":"de","potentialAction":[{"@type":"ReadAction","target":["https:\/\/www.feine-adressen.online\/rtz\/impressum\/"]}]},{"@type":"BreadcrumbList","@id":"https:\/\/www.feine-adressen.online\/rtz\/impressum\/#breadcrumb","itemListElement":[{"@type":"ListItem","position":1,"name":"Startseite","item":"https:\/\/www.feine-adressen.online\/rtz\/"},{"@type":"ListItem","position":2,"name":"Impressum"}]},{"@type":"WebSite","@id":"https:\/\/www.feine-adressen.online\/rtz\/#website","url":"https:\/\/www.feine-adressen.online\/rtz\/","name":"feine adressen","description":"Reutlingen \/ T\u00fcbingen \/ Zollernalb","publisher":{"@id":"https:\/\/www.feine-adressen.online\/rtz\/#organization"},"potentialAction":[{"@type":"SearchAction","target":{"@type":"EntryPoint","urlTemplate":"https:\/\/www.feine-adressen.online\/rtz\/?s={search_term_string}"},"query-input":{"@type":"PropertyValueSpecification","valueRequired":true,"valueName":"search_term_string"}}],"inLanguage":"de"},{"@type":"Organization","@id":"https:\/\/www.feine-adressen.online\/rtz\/#organization","name":"feine adressen","url":"https:\/\/www.feine-adressen.online\/rtz\/","logo":{"@type":"ImageObject","inLanguage":"de","@id":"https:\/\/www.feine-adressen.online\/rtz\/#\/schema\/logo\/image\/","url":"https:\/\/www.feine-adressen.online\/rtz\/wp-content\/uploads\/2023\/08\/kopf_2000.png","contentUrl":"https:\/\/www.feine-adressen.online\/rtz\/wp-content\/uploads\/2023\/08\/kopf_2000.png","width":2000,"height":800,"caption":"feine adressen"},"image":{"@id":"https:\/\/www.feine-adressen.online\/rtz\/#\/schema\/logo\/image\/"}}]}},"_links":{"self":[{"href":"https:\/\/www.feine-adressen.online\/rtz\/wp-json\/wp\/v2\/pages\/604","targetHints":{"allow":["GET"]}}],"collection":[{"href":"https:\/\/www.feine-adressen.online\/rtz\/wp-json\/wp\/v2\/pages"}],"about":[{"href":"https:\/\/www.feine-adressen.online\/rtz\/wp-json\/wp\/v2\/types\/page"}],"author":[{"embeddable":true,"href":"https:\/\/www.feine-adressen.online\/rtz\/wp-json\/wp\/v2\/users\/2"}],"replies":[{"embeddable":true,"href":"https:\/\/www.feine-adressen.online\/rtz\/wp-json\/wp\/v2\/comments?post=604"}],"version-history":[{"count":13,"href":"https:\/\/www.feine-adressen.online\/rtz\/wp-json\/wp\/v2\/pages\/604\/revisions"}],"predecessor-version":[{"id":2464,"href":"https:\/\/www.feine-adressen.online\/rtz\/wp-json\/wp\/v2\/pages\/604\/revisions\/2464"}],"wp:attachment":[{"href":"https:\/\/www.feine-adressen.online\/rtz\/wp-json\/wp\/v2\/media?parent=604"}],"curies":[{"name":"wp","href":"https:\/\/api.w.org\/{rel}","templated":true}]}}