{"id":632,"date":"2023-08-16T16:48:46","date_gmt":"2023-08-16T14:48:46","guid":{"rendered":"https:\/\/www.feine-adressen.online\/rtz\/?page_id=632"},"modified":"2025-04-17T10:56:14","modified_gmt":"2025-04-17T08:56:14","slug":"ueber-uns","status":"publish","type":"page","link":"https:\/\/www.feine-adressen.online\/rtz\/ueber-uns\/","title":{"rendered":"\u00dcber uns"},"content":{"rendered":"\t\t<div data-elementor-type=\"wp-page\" data-elementor-id=\"632\" class=\"elementor elementor-632\" data-elementor-post-type=\"page\">\n\t\t\t\t\t\t<section class=\"elementor-section elementor-top-section elementor-element elementor-element-52abaef9 elementor-section-boxed elementor-section-height-default elementor-section-height-default\" data-id=\"52abaef9\" data-element_type=\"section\" data-e-type=\"section\">\n\t\t\t\t\t\t<div class=\"elementor-container elementor-column-gap-default\">\n\t\t\t\t\t<div class=\"elementor-column elementor-col-100 elementor-top-column elementor-element elementor-element-beab0fe\" data-id=\"beab0fe\" data-element_type=\"column\" data-e-type=\"column\">\n\t\t\t<div class=\"elementor-widget-wrap elementor-element-populated\">\n\t\t\t\t\t\t<div class=\"elementor-element elementor-element-b74bc3b elementor-widget elementor-widget-heading\" data-id=\"b74bc3b\" data-element_type=\"widget\" data-e-type=\"widget\" data-widget_type=\"heading.default\">\n\t\t\t\t<div class=\"elementor-widget-container\">\n\t\t\t\t\t<h2 class=\"elementor-heading-title elementor-size-default\">Business- &amp; Lifestyle-Adressen f\u00fcr Sch\u00f6nes, Besonderes und Einzigartiges in unserer Region<\/h2>\t\t\t\t<\/div>\n\t\t\t\t<\/div>\n\t\t\t\t<div class=\"elementor-element elementor-element-fe64cfc animated-fast elementor-invisible elementor-widget elementor-widget-image\" data-id=\"fe64cfc\" data-element_type=\"widget\" data-e-type=\"widget\" data-settings=\"{&quot;_animation&quot;:&quot;fadeIn&quot;,&quot;_animation_delay&quot;:300}\" data-widget_type=\"image.default\">\n\t\t\t\t<div class=\"elementor-widget-container\">\n\t\t\t\t\t\t\t\t\t\t\t\t\t\t\t<img fetchpriority=\"high\" decoding=\"async\" width=\"2000\" height=\"1333\" src=\"https:\/\/www.feine-adressen.online\/rtz\/wp-content\/uploads\/2023\/12\/Ioannis_KOCH0980.jpg\" class=\"attachment-full size-full wp-image-2665\" alt=\"Ioannis Mavridis\" srcset=\"https:\/\/www.feine-adressen.online\/rtz\/wp-content\/uploads\/2023\/12\/Ioannis_KOCH0980.jpg 2000w, https:\/\/www.feine-adressen.online\/rtz\/wp-content\/uploads\/2023\/12\/Ioannis_KOCH0980-300x200.jpg 300w, https:\/\/www.feine-adressen.online\/rtz\/wp-content\/uploads\/2023\/12\/Ioannis_KOCH0980-1024x682.jpg 1024w, https:\/\/www.feine-adressen.online\/rtz\/wp-content\/uploads\/2023\/12\/Ioannis_KOCH0980-768x512.jpg 768w, https:\/\/www.feine-adressen.online\/rtz\/wp-content\/uploads\/2023\/12\/Ioannis_KOCH0980-1536x1024.jpg 1536w\" sizes=\"(max-width: 2000px) 100vw, 2000px\" \/>\t\t\t\t\t\t\t\t\t\t\t\t\t\t\t<\/div>\n\t\t\t\t<\/div>\n\t\t\t\t<div class=\"elementor-element elementor-element-3835bd2 elementor-widget elementor-widget-text-editor\" data-id=\"3835bd2\" data-element_type=\"widget\" data-e-type=\"widget\" data-widget_type=\"text-editor.default\">\n\t\t\t\t<div class=\"elementor-widget-container\">\n\t\t\t\t\t\t\t\t\t<p><strong>Ioannis Mavridis,<\/strong> Herausgeber feine adressen &#8211; feinest Reutlingen \/ T\u00fcbingen \/ Zollernalb<\/p>\t\t\t\t\t\t\t\t<\/div>\n\t\t\t\t<\/div>\n\t\t\t\t<div class=\"elementor-element elementor-element-09f5495 elementor-widget elementor-widget-text-editor\" data-id=\"09f5495\" data-element_type=\"widget\" data-e-type=\"widget\" data-widget_type=\"text-editor.default\">\n\t\t\t\t<div class=\"elementor-widget-container\">\n\t\t\t\t\t\t\t\t\t<p>Die Themen sind so vielf\u00e4ltig wie die Menschen, die in der Region Reutlingen, T\u00fcbingen und Zollernalb leben: Business, Gesellschaft, Gesundheit, Kulinarik, Kultur, Mode, Soziales, Sport, Tourismus und vieles mehr. Dabei sind wir immer auf der Suche nach dem Au\u00dfergew\u00f6hnlichen, wir sehen uns als Premium-Schaufenster f\u00fcr besondere Unternehmen, Produkte oder Dienstleistungen, Orte und Menschen. Die Region ist so einzigartig, hier kann man jeden Tag neue Entdeckungen machen. Hier finden Sie eine hochwertige Selektion von Partnern aus unserer Region, die wir Ihnen gerne vorstellen m\u00f6chten. Die Geschichten dahinter k\u00f6nnen Sie regelm\u00e4\u00dfig in unserem Magazin <strong>\u00bbfeine adressen \u2013 finest\u00ab<\/strong> oder in unseren Social Media Kan\u00e4len und unserem Newsletter genie\u00dfen.<\/p><p>Mit viel Leidenschaft f\u00fcr die Region entsteht hier vier Mal im Jahr das Magazin<strong> \u00bbfeine adressen \u2013 finest\u00ab<\/strong> Reutlingen\/T\u00fcbingen\/Zollernalb. Und das befindet sich in einer guter Gesellschaft: bundesweit erscheinen von M\u00fcnchen oder der Bodenseeregion bis Hamburg\/Sylt mehrere Regionalausgaben mit einer Reichweite von \u00fcber 225.000 Kontakten pro Ausgabe. Ein Premium-Ratgeber f\u00fcr Connaisseure, die an der feinen Lebensart und exklusiven Lifestyle-Themen interessiert sind und das Besondere lieben.<\/p><p>Sie finden das hochwertig gedruckte Magazin <strong>\u00bbfeine adressen \u2013 finest\u00ab<\/strong> bei allen hier vorgestellten Partnern \u2013 in gehobenen Restaurants und Hotels, bei hochkar\u00e4tigen Veranstaltungen, in Golfclubs, Steuer- und Anwalts-Kanzleien, Arztpraxen und im exklusiven Einzelhandel \u2013 oder auch hier online zum Durchbl\u00e4ttern. F\u00fcr Unternehmen ist<strong> \u00bbfeine adressen \u2013 finest\u00ab<\/strong> nicht nur eine neue Chance, ihre Geschichten, Themen und Angebote in einem hochwertigen Umfeld zu multiplizieren, uns ist es auch wichtig, die Unternehmer der Region untereinander zu vernetzen um dadurch Mehrwert zu generieren.<\/p><p>Wir w\u00fcnschen Ihnen viel Spa\u00df beim Entdecken des Au\u00dfergew\u00f6hnlichen und Besonderen in unserer Region Reutlingen, T\u00fcbingen und Zollernalb.<\/p><p>Ihr\u00a0Ioannis Mavridis\u00a0<\/p><p>Ich freue mich auf Ihre Nachricht oder rufen Sie mich unter der Rufnummer<br \/>Mobil:\u00a00162-8870494\u00a0gerne an. E-Mail:\u00a0<a href=\"mailto:i.mavridis@feineadressen.de\">i.mavridis@feineadressen.de<\/a>\u00a0<\/p>\t\t\t\t\t\t\t\t<\/div>\n\t\t\t\t<\/div>\n\t\t\t\t<div class=\"elementor-element elementor-element-c8855b3 elementor-widget elementor-widget-spacer\" data-id=\"c8855b3\" data-element_type=\"widget\" data-e-type=\"widget\" data-widget_type=\"spacer.default\">\n\t\t\t\t<div class=\"elementor-widget-container\">\n\t\t\t\t\t\t\t<div class=\"elementor-spacer\">\n\t\t\t<div class=\"elementor-spacer-inner\"><\/div>\n\t\t<\/div>\n\t\t\t\t\t\t<\/div>\n\t\t\t\t<\/div>\n\t\t\t\t\t<\/div>\n\t\t<\/div>\n\t\t\t\t\t<\/div>\n\t\t<\/section>\n\t\t\t\t<\/div>\n\t\t","protected":false},"excerpt":{"rendered":"<p>Business- &#038; Lifestyle-Adressen f\u00fcr Sch\u00f6nes, Besonderes und Einzigartiges in unserer Region Ioannis Mavridis, Herausgeber feine adressen &#8211; feinest Reutlingen \/ T\u00fcbingen \/ Zollernalb Die Themen sind so vielf\u00e4ltig wie die Menschen, die in der Region Reutlingen, T\u00fcbingen und Zollernalb leben: Business, Gesellschaft, Gesundheit, Kulinarik, Kultur, Mode, Soziales, Sport, Tourismus und vieles mehr. Dabei sind wir [&hellip;]<\/p>\n","protected":false},"author":2,"featured_media":2665,"parent":0,"menu_order":0,"comment_status":"closed","ping_status":"closed","template":"elementor_header_footer","meta":{"iawp_total_views":328,"footnotes":""},"class_list":["post-632","page","type-page","status-publish","has-post-thumbnail","hentry"],"yoast_head":"<!-- This site is optimized with the Yoast SEO plugin v26.9 - https:\/\/yoast.com\/product\/yoast-seo-wordpress\/ -->\n<title>feine adressen - \u00dcber uns<\/title>\n<meta name=\"description\" content=\"Business- &amp; Lifestyle-Adressen f\u00fcr Sch\u00f6nes, Besonderes und Einzigartiges in unserer Region Reutlingen, T\u00fcbingen und Zollernalb.\" \/>\n<meta name=\"robots\" content=\"index, follow, max-snippet:-1, max-image-preview:large, max-video-preview:-1\" \/>\n<link rel=\"canonical\" href=\"https:\/\/www.feine-adressen.online\/rtz\/ueber-uns\/\" \/>\n<meta property=\"og:locale\" content=\"de_DE\" \/>\n<meta property=\"og:type\" content=\"article\" \/>\n<meta property=\"og:title\" content=\"feine adressen - \u00dcber uns\" \/>\n<meta property=\"og:description\" content=\"Business- &amp; Lifestyle-Adressen f\u00fcr Sch\u00f6nes, Besonderes und Einzigartiges in unserer Region Reutlingen, T\u00fcbingen und Zollernalb.\" \/>\n<meta property=\"og:url\" content=\"https:\/\/www.feine-adressen.online\/rtz\/ueber-uns\/\" \/>\n<meta property=\"og:site_name\" content=\"feine adressen\" \/>\n<meta property=\"article:modified_time\" content=\"2025-04-17T08:56:14+00:00\" \/>\n<meta property=\"og:image\" content=\"https:\/\/www.feine-adressen.online\/rtz\/wp-content\/uploads\/2023\/12\/Ioannis_KOCH0980.jpg\" \/>\n\t<meta property=\"og:image:width\" content=\"2000\" \/>\n\t<meta property=\"og:image:height\" content=\"1333\" \/>\n\t<meta property=\"og:image:type\" content=\"image\/jpeg\" \/>\n<meta name=\"twitter:card\" content=\"summary_large_image\" \/>\n<meta name=\"twitter:label1\" content=\"Gesch\u00e4tzte Lesezeit\" \/>\n\t<meta name=\"twitter:data1\" content=\"2\u00a0Minuten\" \/>\n<script type=\"application\/ld+json\" class=\"yoast-schema-graph\">{\"@context\":\"https:\/\/schema.org\",\"@graph\":[{\"@type\":\"WebPage\",\"@id\":\"https:\/\/www.feine-adressen.online\/rtz\/ueber-uns\/\",\"url\":\"https:\/\/www.feine-adressen.online\/rtz\/ueber-uns\/\",\"name\":\"feine adressen - \u00dcber uns\",\"isPartOf\":{\"@id\":\"https:\/\/www.feine-adressen.online\/rtz\/#website\"},\"primaryImageOfPage\":{\"@id\":\"https:\/\/www.feine-adressen.online\/rtz\/ueber-uns\/#primaryimage\"},\"image\":{\"@id\":\"https:\/\/www.feine-adressen.online\/rtz\/ueber-uns\/#primaryimage\"},\"thumbnailUrl\":\"https:\/\/www.feine-adressen.online\/rtz\/wp-content\/uploads\/2023\/12\/Ioannis_KOCH0980.jpg\",\"datePublished\":\"2023-08-16T14:48:46+00:00\",\"dateModified\":\"2025-04-17T08:56:14+00:00\",\"description\":\"Business- & Lifestyle-Adressen f\u00fcr Sch\u00f6nes, Besonderes und Einzigartiges in unserer Region Reutlingen, T\u00fcbingen und Zollernalb.\",\"breadcrumb\":{\"@id\":\"https:\/\/www.feine-adressen.online\/rtz\/ueber-uns\/#breadcrumb\"},\"inLanguage\":\"de\",\"potentialAction\":[{\"@type\":\"ReadAction\",\"target\":[\"https:\/\/www.feine-adressen.online\/rtz\/ueber-uns\/\"]}]},{\"@type\":\"ImageObject\",\"inLanguage\":\"de\",\"@id\":\"https:\/\/www.feine-adressen.online\/rtz\/ueber-uns\/#primaryimage\",\"url\":\"https:\/\/www.feine-adressen.online\/rtz\/wp-content\/uploads\/2023\/12\/Ioannis_KOCH0980.jpg\",\"contentUrl\":\"https:\/\/www.feine-adressen.online\/rtz\/wp-content\/uploads\/2023\/12\/Ioannis_KOCH0980.jpg\",\"width\":2000,\"height\":1333,\"caption\":\"Ioannis Mavridis\"},{\"@type\":\"BreadcrumbList\",\"@id\":\"https:\/\/www.feine-adressen.online\/rtz\/ueber-uns\/#breadcrumb\",\"itemListElement\":[{\"@type\":\"ListItem\",\"position\":1,\"name\":\"Startseite\",\"item\":\"https:\/\/www.feine-adressen.online\/rtz\/\"},{\"@type\":\"ListItem\",\"position\":2,\"name\":\"\u00dcber uns\"}]},{\"@type\":\"WebSite\",\"@id\":\"https:\/\/www.feine-adressen.online\/rtz\/#website\",\"url\":\"https:\/\/www.feine-adressen.online\/rtz\/\",\"name\":\"feine adressen\",\"description\":\"Reutlingen \/ T\u00fcbingen \/ Zollernalb\",\"publisher\":{\"@id\":\"https:\/\/www.feine-adressen.online\/rtz\/#organization\"},\"potentialAction\":[{\"@type\":\"SearchAction\",\"target\":{\"@type\":\"EntryPoint\",\"urlTemplate\":\"https:\/\/www.feine-adressen.online\/rtz\/?s={search_term_string}\"},\"query-input\":{\"@type\":\"PropertyValueSpecification\",\"valueRequired\":true,\"valueName\":\"search_term_string\"}}],\"inLanguage\":\"de\"},{\"@type\":\"Organization\",\"@id\":\"https:\/\/www.feine-adressen.online\/rtz\/#organization\",\"name\":\"feine adressen\",\"url\":\"https:\/\/www.feine-adressen.online\/rtz\/\",\"logo\":{\"@type\":\"ImageObject\",\"inLanguage\":\"de\",\"@id\":\"https:\/\/www.feine-adressen.online\/rtz\/#\/schema\/logo\/image\/\",\"url\":\"https:\/\/www.feine-adressen.online\/rtz\/wp-content\/uploads\/2023\/08\/kopf_2000.png\",\"contentUrl\":\"https:\/\/www.feine-adressen.online\/rtz\/wp-content\/uploads\/2023\/08\/kopf_2000.png\",\"width\":2000,\"height\":800,\"caption\":\"feine adressen\"},\"image\":{\"@id\":\"https:\/\/www.feine-adressen.online\/rtz\/#\/schema\/logo\/image\/\"}}]}<\/script>\n<!-- \/ Yoast SEO plugin. -->","yoast_head_json":{"title":"feine adressen - \u00dcber uns","description":"Business- & Lifestyle-Adressen f\u00fcr Sch\u00f6nes, Besonderes und Einzigartiges in unserer Region Reutlingen, T\u00fcbingen und Zollernalb.","robots":{"index":"index","follow":"follow","max-snippet":"max-snippet:-1","max-image-preview":"max-image-preview:large","max-video-preview":"max-video-preview:-1"},"canonical":"https:\/\/www.feine-adressen.online\/rtz\/ueber-uns\/","og_locale":"de_DE","og_type":"article","og_title":"feine adressen - \u00dcber uns","og_description":"Business- & Lifestyle-Adressen f\u00fcr Sch\u00f6nes, Besonderes und Einzigartiges in unserer Region Reutlingen, T\u00fcbingen und Zollernalb.","og_url":"https:\/\/www.feine-adressen.online\/rtz\/ueber-uns\/","og_site_name":"feine adressen","article_modified_time":"2025-04-17T08:56:14+00:00","og_image":[{"width":2000,"height":1333,"url":"https:\/\/www.feine-adressen.online\/rtz\/wp-content\/uploads\/2023\/12\/Ioannis_KOCH0980.jpg","type":"image\/jpeg"}],"twitter_card":"summary_large_image","twitter_misc":{"Gesch\u00e4tzte Lesezeit":"2\u00a0Minuten"},"schema":{"@context":"https:\/\/schema.org","@graph":[{"@type":"WebPage","@id":"https:\/\/www.feine-adressen.online\/rtz\/ueber-uns\/","url":"https:\/\/www.feine-adressen.online\/rtz\/ueber-uns\/","name":"feine adressen - \u00dcber uns","isPartOf":{"@id":"https:\/\/www.feine-adressen.online\/rtz\/#website"},"primaryImageOfPage":{"@id":"https:\/\/www.feine-adressen.online\/rtz\/ueber-uns\/#primaryimage"},"image":{"@id":"https:\/\/www.feine-adressen.online\/rtz\/ueber-uns\/#primaryimage"},"thumbnailUrl":"https:\/\/www.feine-adressen.online\/rtz\/wp-content\/uploads\/2023\/12\/Ioannis_KOCH0980.jpg","datePublished":"2023-08-16T14:48:46+00:00","dateModified":"2025-04-17T08:56:14+00:00","description":"Business- & Lifestyle-Adressen f\u00fcr Sch\u00f6nes, Besonderes und Einzigartiges in unserer Region Reutlingen, T\u00fcbingen und Zollernalb.","breadcrumb":{"@id":"https:\/\/www.feine-adressen.online\/rtz\/ueber-uns\/#breadcrumb"},"inLanguage":"de","potentialAction":[{"@type":"ReadAction","target":["https:\/\/www.feine-adressen.online\/rtz\/ueber-uns\/"]}]},{"@type":"ImageObject","inLanguage":"de","@id":"https:\/\/www.feine-adressen.online\/rtz\/ueber-uns\/#primaryimage","url":"https:\/\/www.feine-adressen.online\/rtz\/wp-content\/uploads\/2023\/12\/Ioannis_KOCH0980.jpg","contentUrl":"https:\/\/www.feine-adressen.online\/rtz\/wp-content\/uploads\/2023\/12\/Ioannis_KOCH0980.jpg","width":2000,"height":1333,"caption":"Ioannis Mavridis"},{"@type":"BreadcrumbList","@id":"https:\/\/www.feine-adressen.online\/rtz\/ueber-uns\/#breadcrumb","itemListElement":[{"@type":"ListItem","position":1,"name":"Startseite","item":"https:\/\/www.feine-adressen.online\/rtz\/"},{"@type":"ListItem","position":2,"name":"\u00dcber uns"}]},{"@type":"WebSite","@id":"https:\/\/www.feine-adressen.online\/rtz\/#website","url":"https:\/\/www.feine-adressen.online\/rtz\/","name":"feine adressen","description":"Reutlingen \/ T\u00fcbingen \/ Zollernalb","publisher":{"@id":"https:\/\/www.feine-adressen.online\/rtz\/#organization"},"potentialAction":[{"@type":"SearchAction","target":{"@type":"EntryPoint","urlTemplate":"https:\/\/www.feine-adressen.online\/rtz\/?s={search_term_string}"},"query-input":{"@type":"PropertyValueSpecification","valueRequired":true,"valueName":"search_term_string"}}],"inLanguage":"de"},{"@type":"Organization","@id":"https:\/\/www.feine-adressen.online\/rtz\/#organization","name":"feine adressen","url":"https:\/\/www.feine-adressen.online\/rtz\/","logo":{"@type":"ImageObject","inLanguage":"de","@id":"https:\/\/www.feine-adressen.online\/rtz\/#\/schema\/logo\/image\/","url":"https:\/\/www.feine-adressen.online\/rtz\/wp-content\/uploads\/2023\/08\/kopf_2000.png","contentUrl":"https:\/\/www.feine-adressen.online\/rtz\/wp-content\/uploads\/2023\/08\/kopf_2000.png","width":2000,"height":800,"caption":"feine adressen"},"image":{"@id":"https:\/\/www.feine-adressen.online\/rtz\/#\/schema\/logo\/image\/"}}]}},"_links":{"self":[{"href":"https:\/\/www.feine-adressen.online\/rtz\/wp-json\/wp\/v2\/pages\/632","targetHints":{"allow":["GET"]}}],"collection":[{"href":"https:\/\/www.feine-adressen.online\/rtz\/wp-json\/wp\/v2\/pages"}],"about":[{"href":"https:\/\/www.feine-adressen.online\/rtz\/wp-json\/wp\/v2\/types\/page"}],"author":[{"embeddable":true,"href":"https:\/\/www.feine-adressen.online\/rtz\/wp-json\/wp\/v2\/users\/2"}],"replies":[{"embeddable":true,"href":"https:\/\/www.feine-adressen.online\/rtz\/wp-json\/wp\/v2\/comments?post=632"}],"version-history":[{"count":37,"href":"https:\/\/www.feine-adressen.online\/rtz\/wp-json\/wp\/v2\/pages\/632\/revisions"}],"predecessor-version":[{"id":8003,"href":"https:\/\/www.feine-adressen.online\/rtz\/wp-json\/wp\/v2\/pages\/632\/revisions\/8003"}],"wp:featuredmedia":[{"embeddable":true,"href":"https:\/\/www.feine-adressen.online\/rtz\/wp-json\/wp\/v2\/media\/2665"}],"wp:attachment":[{"href":"https:\/\/www.feine-adressen.online\/rtz\/wp-json\/wp\/v2\/media?parent=632"}],"curies":[{"name":"wp","href":"https:\/\/api.w.org\/{rel}","templated":true}]}}