{"id":3801,"date":"2026-01-12T13:49:02","date_gmt":"2026-01-12T12:49:02","guid":{"rendered":"https:\/\/www.feine-adressen.online\/stuttgart\/?page_id=3801"},"modified":"2026-01-12T14:21:58","modified_gmt":"2026-01-12T13:21:58","slug":"magazin-archiv","status":"publish","type":"page","link":"https:\/\/www.feine-adressen.online\/stuttgart\/magazin-archiv\/","title":{"rendered":"Magazin Archiv"},"content":{"rendered":"\t\t<div data-elementor-type=\"wp-page\" data-elementor-id=\"3801\" class=\"elementor elementor-3801\" data-elementor-post-type=\"page\">\n\t\t\t\t\t\t<section class=\"elementor-section elementor-top-section elementor-element elementor-element-3a4a2e65 elementor-section-boxed elementor-section-height-default elementor-section-height-default\" data-id=\"3a4a2e65\" data-element_type=\"section\" data-e-type=\"section\">\n\t\t\t\t\t\t<div class=\"elementor-container elementor-column-gap-default\">\n\t\t\t\t\t<div class=\"elementor-column elementor-col-50 elementor-top-column elementor-element elementor-element-6ab1ad82\" data-id=\"6ab1ad82\" data-element_type=\"column\" data-e-type=\"column\">\n\t\t\t<div class=\"elementor-widget-wrap elementor-element-populated\">\n\t\t\t\t\t\t<div class=\"elementor-element elementor-element-4156b54 elementor-widget elementor-widget-heading\" data-id=\"4156b54\" data-element_type=\"widget\" data-e-type=\"widget\" data-widget_type=\"heading.default\">\n\t\t\t\t<div class=\"elementor-widget-container\">\n\t\t\t\t\t<h1 class=\"elementor-heading-title elementor-size-default\">Das Beste aus der Region \u2013 zum Entdecken und Wiederentdecken.<\/h1>\t\t\t\t<\/div>\n\t\t\t\t<\/div>\n\t\t\t\t<div class=\"elementor-element elementor-element-c85ec3c elementor-widget elementor-widget-text-editor\" data-id=\"c85ec3c\" data-element_type=\"widget\" data-e-type=\"widget\" data-widget_type=\"text-editor.default\">\n\t\t\t\t<div class=\"elementor-widget-container\">\n\t\t\t\t\t\t\t\t\t<p>Ab sofort k\u00f6nnen Sie auf unserer Website nicht nur die aktuelle Ausgabe, sondern auch <strong>fr\u00fchere Magazine<\/strong> entdecken. Jede Ausgabe erz\u00e4hlt ihre eigenen Geschichten \u2013 <strong>von Menschen mit Haltung, von Orten mit Seele und von Genussmomenten, die in Erinnerung bleiben. <\/strong>Tauchen Sie ein, lassen Sie sich treiben und finden Sie Inspirationen wieder, die vielleicht schon bald zu Ihren pers\u00f6nlichen Favoriten geh\u00f6ren.<\/p><p><strong>\u00bbfeine adressen\u00ab <\/strong>\u2013 f\u00fcr alle, die das Besondere sch\u00e4tzen.<\/p>\t\t\t\t\t\t\t\t<\/div>\n\t\t\t\t<\/div>\n\t\t\t\t\t<\/div>\n\t\t<\/div>\n\t\t\t\t<div class=\"elementor-column elementor-col-50 elementor-top-column elementor-element elementor-element-45a5ea47 elementor-hidden-tablet elementor-hidden-mobile\" data-id=\"45a5ea47\" data-element_type=\"column\" data-e-type=\"column\">\n\t\t\t<div class=\"elementor-widget-wrap\">\n\t\t\t\t\t\t\t<\/div>\n\t\t<\/div>\n\t\t\t\t\t<\/div>\n\t\t<\/section>\n\t\t<div class=\"elementor-element elementor-element-12b9ee2 e-grid e-con-boxed e-con e-parent\" data-id=\"12b9ee2\" data-element_type=\"container\" data-e-type=\"container\">\n\t\t\t\t\t<div class=\"e-con-inner\">\n\t\t\t\t<div class=\"elementor-element elementor-element-7c1b4fc9 elementor-widget elementor-widget-image\" data-id=\"7c1b4fc9\" data-element_type=\"widget\" data-e-type=\"widget\" data-widget_type=\"image.default\">\n\t\t\t\t<div class=\"elementor-widget-container\">\n\t\t\t\t\t\t\t\t\t\t\t\t\t\t\t\t<a href=\"https:\/\/www.feine-adressen.online\/stuttgart\/magazin_3_2025\">\n\t\t\t\t\t\t\t<img fetchpriority=\"high\" decoding=\"async\" width=\"724\" height=\"1024\" src=\"https:\/\/www.feine-adressen.online\/stuttgart\/wp-content\/uploads\/2026\/01\/FAS2025_03-724x1024.jpg\" class=\"attachment-large size-large wp-image-3814\" alt=\"\" srcset=\"https:\/\/www.feine-adressen.online\/stuttgart\/wp-content\/uploads\/2026\/01\/FAS2025_03-724x1024.jpg 724w, https:\/\/www.feine-adressen.online\/stuttgart\/wp-content\/uploads\/2026\/01\/FAS2025_03-212x300.jpg 212w, https:\/\/www.feine-adressen.online\/stuttgart\/wp-content\/uploads\/2026\/01\/FAS2025_03-768x1086.jpg 768w, https:\/\/www.feine-adressen.online\/stuttgart\/wp-content\/uploads\/2026\/01\/FAS2025_03-1086x1536.jpg 1086w, https:\/\/www.feine-adressen.online\/stuttgart\/wp-content\/uploads\/2026\/01\/FAS2025_03.jpg 1414w\" sizes=\"(max-width: 724px) 100vw, 724px\" \/>\t\t\t\t\t\t\t\t<\/a>\n\t\t\t\t\t\t\t\t\t\t\t\t\t\t\t<\/div>\n\t\t\t\t<\/div>\n\t\t\t\t<div class=\"elementor-element elementor-element-6d4fff11 elementor-widget elementor-widget-image\" data-id=\"6d4fff11\" data-element_type=\"widget\" data-e-type=\"widget\" data-widget_type=\"image.default\">\n\t\t\t\t<div class=\"elementor-widget-container\">\n\t\t\t\t\t\t\t\t\t\t\t\t\t\t\t\t<a href=\"https:\/\/www.feine-adressen.online\/stuttgart\/magazin_2_2025\">\n\t\t\t\t\t\t\t<img decoding=\"async\" width=\"724\" height=\"1024\" src=\"https:\/\/www.feine-adressen.online\/stuttgart\/wp-content\/uploads\/2026\/01\/FAS_2025-02-724x1024.jpg\" class=\"attachment-large size-large wp-image-3813\" alt=\"\" srcset=\"https:\/\/www.feine-adressen.online\/stuttgart\/wp-content\/uploads\/2026\/01\/FAS_2025-02-724x1024.jpg 724w, https:\/\/www.feine-adressen.online\/stuttgart\/wp-content\/uploads\/2026\/01\/FAS_2025-02-212x300.jpg 212w, https:\/\/www.feine-adressen.online\/stuttgart\/wp-content\/uploads\/2026\/01\/FAS_2025-02-768x1086.jpg 768w, https:\/\/www.feine-adressen.online\/stuttgart\/wp-content\/uploads\/2026\/01\/FAS_2025-02-1086x1536.jpg 1086w, https:\/\/www.feine-adressen.online\/stuttgart\/wp-content\/uploads\/2026\/01\/FAS_2025-02.jpg 1414w\" sizes=\"(max-width: 724px) 100vw, 724px\" \/>\t\t\t\t\t\t\t\t<\/a>\n\t\t\t\t\t\t\t\t\t\t\t\t\t\t\t<\/div>\n\t\t\t\t<\/div>\n\t\t\t\t<div class=\"elementor-element elementor-element-33cfe1d6 elementor-widget elementor-widget-image\" data-id=\"33cfe1d6\" data-element_type=\"widget\" data-e-type=\"widget\" data-widget_type=\"image.default\">\n\t\t\t\t<div class=\"elementor-widget-container\">\n\t\t\t\t\t\t\t\t\t\t\t\t\t\t\t\t<a href=\"https:\/\/www.feine-adressen.online\/stuttgart\/magazin_1_2025\">\n\t\t\t\t\t\t\t<img decoding=\"async\" width=\"724\" height=\"1024\" src=\"https:\/\/www.feine-adressen.online\/stuttgart\/wp-content\/uploads\/2026\/01\/FAS_01_2025_Web-724x1024.jpg\" class=\"attachment-large size-large wp-image-3812\" alt=\"\" srcset=\"https:\/\/www.feine-adressen.online\/stuttgart\/wp-content\/uploads\/2026\/01\/FAS_01_2025_Web-724x1024.jpg 724w, https:\/\/www.feine-adressen.online\/stuttgart\/wp-content\/uploads\/2026\/01\/FAS_01_2025_Web-212x300.jpg 212w, https:\/\/www.feine-adressen.online\/stuttgart\/wp-content\/uploads\/2026\/01\/FAS_01_2025_Web-768x1086.jpg 768w, https:\/\/www.feine-adressen.online\/stuttgart\/wp-content\/uploads\/2026\/01\/FAS_01_2025_Web-1086x1536.jpg 1086w, https:\/\/www.feine-adressen.online\/stuttgart\/wp-content\/uploads\/2026\/01\/FAS_01_2025_Web.jpg 1414w\" sizes=\"(max-width: 724px) 100vw, 724px\" \/>\t\t\t\t\t\t\t\t<\/a>\n\t\t\t\t\t\t\t\t\t\t\t\t\t\t\t<\/div>\n\t\t\t\t<\/div>\n\t\t\t\t\t<\/div>\n\t\t\t\t<\/div>\n\t\t<div class=\"elementor-element elementor-element-5c2c1164 e-flex e-con-boxed e-con e-parent\" data-id=\"5c2c1164\" data-element_type=\"container\" data-e-type=\"container\">\n\t\t\t\t\t<div class=\"e-con-inner\">\n\t\t\t\t\t<\/div>\n\t\t\t\t<\/div>\n\t\t\t\t<\/div>\n\t\t","protected":false},"excerpt":{"rendered":"<p>Das Beste aus der Region \u2013 zum Entdecken und Wiederentdecken. Ab sofort k\u00f6nnen Sie auf unserer Website nicht nur die aktuelle Ausgabe, sondern auch fr\u00fchere Magazine entdecken. Jede Ausgabe erz\u00e4hlt ihre eigenen Geschichten \u2013 von Menschen mit Haltung, von Orten mit Seele und von Genussmomenten, die in Erinnerung bleiben. Tauchen Sie ein, lassen Sie sich [&hellip;]<\/p>\n","protected":false},"author":7,"featured_media":0,"parent":0,"menu_order":0,"comment_status":"closed","ping_status":"closed","template":"elementor_header_footer","meta":{"iawp_total_views":22,"footnotes":""},"class_list":["post-3801","page","type-page","status-publish","hentry"],"_links":{"self":[{"href":"https:\/\/www.feine-adressen.online\/stuttgart\/wp-json\/wp\/v2\/pages\/3801","targetHints":{"allow":["GET"]}}],"collection":[{"href":"https:\/\/www.feine-adressen.online\/stuttgart\/wp-json\/wp\/v2\/pages"}],"about":[{"href":"https:\/\/www.feine-adressen.online\/stuttgart\/wp-json\/wp\/v2\/types\/page"}],"author":[{"embeddable":true,"href":"https:\/\/www.feine-adressen.online\/stuttgart\/wp-json\/wp\/v2\/users\/7"}],"replies":[{"embeddable":true,"href":"https:\/\/www.feine-adressen.online\/stuttgart\/wp-json\/wp\/v2\/comments?post=3801"}],"version-history":[{"count":13,"href":"https:\/\/www.feine-adressen.online\/stuttgart\/wp-json\/wp\/v2\/pages\/3801\/revisions"}],"predecessor-version":[{"id":3839,"href":"https:\/\/www.feine-adressen.online\/stuttgart\/wp-json\/wp\/v2\/pages\/3801\/revisions\/3839"}],"wp:attachment":[{"href":"https:\/\/www.feine-adressen.online\/stuttgart\/wp-json\/wp\/v2\/media?parent=3801"}],"curies":[{"name":"wp","href":"https:\/\/api.w.org\/{rel}","templated":true}]}}